{"id":247172,"date":"2022-04-19T20:44:32","date_gmt":"2022-04-19T18:44:32","guid":{"rendered":"https:\/\/www.capoptimist.com\/itziar-abascal\/"},"modified":"2022-12-01T12:57:38","modified_gmt":"2022-12-01T11:57:38","slug":"itziar-abascal","status":"publish","type":"page","link":"https:\/\/www.capoptimist.com\/es\/itziar-abascal\/","title":{"rendered":"ITZIAR ABASCAL"},"content":{"rendered":"\n[et_pb_section fb_built=\u00bb1&#8243; _builder_version=\u00bb4.17.3&#8243; _module_preset=\u00bbdefault\u00bb width=\u00bb100%\u00bb max_width=\u00bb100%\u00bb min_height=\u00bb100px\u00bb custom_padding=\u00bb0px||0px|||\u00bb da_disable_devices=\u00bboff|off|off\u00bb global_colors_info=\u00bb{}\u00bb da_is_popup=\u00bboff\u00bb da_exit_intent=\u00bboff\u00bb da_has_close=\u00bbon\u00bb da_alt_close=\u00bboff\u00bb da_dark_close=\u00bboff\u00bb da_not_modal=\u00bbon\u00bb da_is_singular=\u00bboff\u00bb da_with_loader=\u00bboff\u00bb da_has_shadow=\u00bbon\u00bb][et_pb_row column_structure=\u00bb1_2,1_2&#8243; use_custom_gutter=\u00bbon\u00bb gutter_width=\u00bb1&#8243; make_equal=\u00bbon\u00bb _builder_version=\u00bb4.17.1&#8243; _module_preset=\u00bbdefault\u00bb width=\u00bb100%\u00bb max_width=\u00bb2560px\u00bb module_alignment=\u00bbcenter\u00bb custom_padding=\u00bb0px||0px|||\u00bb global_colors_info=\u00bb{}\u00bb][et_pb_column type=\u00bb1_2&#8243; _builder_version=\u00bb4.17.1&#8243; _module_preset=\u00bbdefault\u00bb background_color=\u00bb#2E4A55&#8243; background_enable_pattern_style=\u00bbon\u00bb background_pattern_style=\u00bbwaves\u00bb background_pattern_color=\u00bbrgba(0,0,0,0.03)\u00bb background_pattern_horizontal_offset=\u00bb-100%\u00bb background_pattern_vertical_offset=\u00bb-100%\u00bb global_colors_info=\u00bb{}\u00bb][et_pb_image src=\u00bbhttps:\/\/www.capoptimist.com\/wp-content\/uploads\/2022\/04\/Portrait-Izia.jpg\u00bb alt=\u00bbfoto playa steph\u00bb title_text=\u00bbRetrato-Izia\u00bb align=\u00bbright\u00bb _builder_version=\u00bb4.17.3&#8243; _module_preset=\u00bbdefault\u00bb width=\u00bb100%\u00bb max_width=\u00bb100%\u00bb module_alignment=\u00bbright\u00bb custom_margin=\u00bb48px||||false|false\u00bb custom_padding=\u00bb|30px|117px|257px|false|false\u00bb animation_style=\u00bbzoom\u00bb box_shadow_style=\u00bbpreset4&#8243; box_shadow_color=\u00bb#FF0077&#8243; global_colors_info=\u00bb{}\u00bb][\/et_pb_image][\/et_pb_column][et_pb_column type=\u00bb1_2&#8243; _builder_version=\u00bb4.17.1&#8243; _module_preset=\u00bbdefault\u00bb global_colors_info=\u00bb{}\u00bb][et_pb_text _builder_version=\u00bb4.17.3&#8243; _module_preset=\u00bbdefault\u00bb header_font=\u00bb|800||on|||||\u00bb header_text_align=\u00bbleft\u00bb header_text_color=\u00bb#FF0077&#8243; header_font_size=\u00bb50px\u00bb width=\u00bb85%\u00bb max_width=\u00bb86%\u00bb module_alignment=\u00bbcenter\u00bb custom_margin=\u00bb91px|||||\u00bb animation_style=\u00bbfade\u00bb global_colors_info=\u00bb{}\u00bb]<h1>Itziar ABASCAL<\/h1>[\/et_pb_text][et_pb_divider color=\u00bb#2E4A55&#8243; _builder_version=\u00bb4.17.1&#8243; _module_preset=\u00bbdefault\u00bb global_colors_info=\u00bb{}\u00bb][\/et_pb_divider][et_pb_text _builder_version=\u00bb4.17.3&#8243; _module_preset=\u00bbdefault\u00bb text_font=\u00bb||||||||\u00bb text_text_color=\u00bb#7991A3&#8243; text_font_size=\u00bb18px\u00bb header_font=\u00bb|800||on|||||\u00bb header_text_align=\u00bbleft\u00bb header_text_color=\u00bb#FF0077&#8243; header_font_size=\u00bb50px\u00bb width=\u00bb85%\u00bb max_width=\u00bb86%\u00bb module_alignment=\u00bbcenter\u00bb animation_style=\u00bbfade\u00bb hover_enabled=\u00bb0&#8243; global_colors_info=\u00bb{}\u00bb text_line_height=\u00bb1.8em\u00bb sticky_enabled=\u00bb0&#8243;]<p dir=\"auto\">Edad: 32 a\u00f1os<br>Lugar de residencia : Tenerife (Islas Canarias)<br>Campo de juego favorito: el oc\u00e9ano y la playa<br><span style=\"font-weight: 400;\">Ocupaci\u00f3n: profesor de deportes en un instituto<br><\/span><span style=\"font-weight: 400;\">Apodo: Itxi<br><\/span><\/p>[\/et_pb_text][et_pb_divider color=\u00bb#2E4A55&#8243; _builder_version=\u00bb4.17.1&#8243; _module_preset=\u00bbdefault\u00bb custom_margin=\u00bb16px|||||\u00bb global_colors_info=\u00bb{}\u00bb][\/et_pb_divider][et_pb_text _builder_version=\u00bb4.17.1&#8243; _module_preset=\u00bbdefault\u00bb text_font=\u00bb||on||||||\u00bb text_text_color=\u00bb#FF0077&#8243; text_font_size=\u00bb22px\u00bb text_letter_spacing=\u00bb1px\u00bb text_line_height=\u00bb1.8em\u00bb width=\u00bb92%\u00bb max_width=\u00bb84%\u00bb module_alignment=\u00bbcenter\u00bb animation_style=\u00bbfade\u00bb global_colors_info=\u00bb{}\u00bb]<p>\u00abCon optimismo, ver\u00e1s una oportunidad en cada dificultad\u00bb.<\/p>[\/et_pb_text][et_pb_divider color=\u00bb#2E4A55&#8243; _builder_version=\u00bb4.17.1&#8243; _module_preset=\u00bbdefault\u00bb custom_margin=\u00bb16px|||||\u00bb global_colors_info=\u00bb{}\u00bb][\/et_pb_divider][et_pb_text _builder_version=\u00bb4.17.3&#8243; _module_preset=\u00bbdefault\u00bb max_width=\u00bb83%\u00bb module_alignment=\u00bbcenter\u00bb custom_padding=\u00bb||90px|||\u00bb animation_style=\u00bbfade\u00bb hover_enabled=\u00bb0&#8243; global_colors_info=\u00bb{}\u00bb header_3_font_size=\u00bb30px\u00bb text_font_size=\u00bb18px\u00bb sticky_enabled=\u00bb0&#8243;]<h3>PALMARES<\/h3>\n<p>Campe\u00f3n del mundo de paddleboard de larga distancia 2019<\/p>\n<p>Junta de Campeones Europeos 2019 y Mujeres del Mar 2015\/2017<\/p>\n<p>Cabo de Hornos Paddleboarding 2015<\/p>[\/et_pb_text][\/et_pb_column][\/et_pb_row][\/et_pb_section]\n","protected":false},"excerpt":{"rendered":"<p>Itziar ABASCALEdad: 32 a\u00f1osLugar de residencia : Tenerife (Islas Canarias)Campo de juego favorito: el oc\u00e9ano y la playaOcupaci\u00f3n: profesor de deportes en un institutoApodo: Itxi\u00bbCon optimismo, ver\u00e1s una oportunidad en cada dificultad\u00bb.PALMARES Campe\u00f3n del mundo de paddleboard de larga distancia 2019 Junta de Campeones Europeos 2019 y Mujeres del Mar 2015\/2017 Cabo de Hornos Paddleboarding [&hellip;]<\/p>\n","protected":false},"author":1,"featured_media":0,"parent":0,"menu_order":0,"comment_status":"closed","ping_status":"closed","template":"","meta":{"_et_pb_use_builder":"on","_et_pb_old_content":"","_et_gb_content_width":"","_monsterinsights_skip_tracking":false,"_monsterinsights_sitenote_active":false,"_monsterinsights_sitenote_note":"","_monsterinsights_sitenote_category":0,"footnotes":""},"class_list":["post-247172","page","type-page","status-publish","hentry"],"yoast_head":"<!-- This site is optimized with the Yoast SEO plugin v27.5 - https:\/\/yoast.com\/product\/yoast-seo-wordpress\/ -->\n<title>ITZIAR ABASCAL - CAP OPTIMIST<\/title>\n<meta name=\"robots\" content=\"index, follow, max-snippet:-1, max-image-preview:large, max-video-preview:-1\" \/>\n<link rel=\"canonical\" href=\"https:\/\/www.capoptimist.com\/es\/itziar-abascal\/\" \/>\n<meta property=\"og:locale\" content=\"es_ES\" \/>\n<meta property=\"og:type\" content=\"article\" \/>\n<meta property=\"og:title\" content=\"ITZIAR ABASCAL - CAP OPTIMIST\" \/>\n<meta property=\"og:description\" content=\"Itziar ABASCALEdad: 32 a\u00f1osLugar de residencia : Tenerife (Islas Canarias)Campo de juego favorito: el oc\u00e9ano y la playaOcupaci\u00f3n: profesor de deportes en un institutoApodo: Itxi&quot;Con optimismo, ver\u00e1s una oportunidad en cada dificultad&quot;.PALMARES Campe\u00f3n del mundo de paddleboard de larga distancia 2019 Junta de Campeones Europeos 2019 y Mujeres del Mar 2015\/2017 Cabo de Hornos Paddleboarding [&hellip;]\" \/>\n<meta property=\"og:url\" content=\"https:\/\/www.capoptimist.com\/es\/itziar-abascal\/\" \/>\n<meta property=\"og:site_name\" content=\"CAP OPTIMIST\" \/>\n<meta property=\"article:modified_time\" content=\"2022-12-01T11:57:38+00:00\" \/>\n<meta name=\"twitter:card\" content=\"summary_large_image\" \/>\n<meta name=\"twitter:label1\" content=\"Tiempo de lectura\" \/>\n\t<meta name=\"twitter:data1\" content=\"3 minutos\" \/>\n<script type=\"application\/ld+json\" class=\"yoast-schema-graph\">{\"@context\":\"https:\\\/\\\/schema.org\",\"@graph\":[{\"@type\":\"WebPage\",\"@id\":\"https:\\\/\\\/www.capoptimist.com\\\/es\\\/itziar-abascal\\\/\",\"url\":\"https:\\\/\\\/www.capoptimist.com\\\/es\\\/itziar-abascal\\\/\",\"name\":\"ITZIAR ABASCAL - CAP OPTIMIST\",\"isPartOf\":{\"@id\":\"https:\\\/\\\/www.capoptimist.com\\\/es\\\/#website\"},\"datePublished\":\"2022-04-19T18:44:32+00:00\",\"dateModified\":\"2022-12-01T11:57:38+00:00\",\"breadcrumb\":{\"@id\":\"https:\\\/\\\/www.capoptimist.com\\\/es\\\/itziar-abascal\\\/#breadcrumb\"},\"inLanguage\":\"es\",\"potentialAction\":[{\"@type\":\"ReadAction\",\"target\":[\"https:\\\/\\\/www.capoptimist.com\\\/es\\\/itziar-abascal\\\/\"]}]},{\"@type\":\"BreadcrumbList\",\"@id\":\"https:\\\/\\\/www.capoptimist.com\\\/es\\\/itziar-abascal\\\/#breadcrumb\",\"itemListElement\":[{\"@type\":\"ListItem\",\"position\":1,\"name\":\"Accueil\",\"item\":\"https:\\\/\\\/www.capoptimist.com\\\/es\\\/\"},{\"@type\":\"ListItem\",\"position\":2,\"name\":\"ITZIAR ABASCAL\"}]},{\"@type\":\"WebSite\",\"@id\":\"https:\\\/\\\/www.capoptimist.com\\\/es\\\/#website\",\"url\":\"https:\\\/\\\/www.capoptimist.com\\\/es\\\/\",\"name\":\"CAP OPTIMIST\",\"description\":\"Vivre son d\u00e9fi\",\"potentialAction\":[{\"@type\":\"SearchAction\",\"target\":{\"@type\":\"EntryPoint\",\"urlTemplate\":\"https:\\\/\\\/www.capoptimist.com\\\/es\\\/?s={search_term_string}\"},\"query-input\":{\"@type\":\"PropertyValueSpecification\",\"valueRequired\":true,\"valueName\":\"search_term_string\"}}],\"inLanguage\":\"es\"}]}<\/script>\n<!-- \/ Yoast SEO plugin. -->","yoast_head_json":{"title":"ITZIAR ABASCAL - CAP OPTIMIST","robots":{"index":"index","follow":"follow","max-snippet":"max-snippet:-1","max-image-preview":"max-image-preview:large","max-video-preview":"max-video-preview:-1"},"canonical":"https:\/\/www.capoptimist.com\/es\/itziar-abascal\/","og_locale":"es_ES","og_type":"article","og_title":"ITZIAR ABASCAL - CAP OPTIMIST","og_description":"Itziar ABASCALEdad: 32 a\u00f1osLugar de residencia : Tenerife (Islas Canarias)Campo de juego favorito: el oc\u00e9ano y la playaOcupaci\u00f3n: profesor de deportes en un institutoApodo: Itxi\"Con optimismo, ver\u00e1s una oportunidad en cada dificultad\".PALMARES Campe\u00f3n del mundo de paddleboard de larga distancia 2019 Junta de Campeones Europeos 2019 y Mujeres del Mar 2015\/2017 Cabo de Hornos Paddleboarding [&hellip;]","og_url":"https:\/\/www.capoptimist.com\/es\/itziar-abascal\/","og_site_name":"CAP OPTIMIST","article_modified_time":"2022-12-01T11:57:38+00:00","twitter_card":"summary_large_image","twitter_misc":{"Tiempo de lectura":"3 minutos"},"schema":{"@context":"https:\/\/schema.org","@graph":[{"@type":"WebPage","@id":"https:\/\/www.capoptimist.com\/es\/itziar-abascal\/","url":"https:\/\/www.capoptimist.com\/es\/itziar-abascal\/","name":"ITZIAR ABASCAL - CAP OPTIMIST","isPartOf":{"@id":"https:\/\/www.capoptimist.com\/es\/#website"},"datePublished":"2022-04-19T18:44:32+00:00","dateModified":"2022-12-01T11:57:38+00:00","breadcrumb":{"@id":"https:\/\/www.capoptimist.com\/es\/itziar-abascal\/#breadcrumb"},"inLanguage":"es","potentialAction":[{"@type":"ReadAction","target":["https:\/\/www.capoptimist.com\/es\/itziar-abascal\/"]}]},{"@type":"BreadcrumbList","@id":"https:\/\/www.capoptimist.com\/es\/itziar-abascal\/#breadcrumb","itemListElement":[{"@type":"ListItem","position":1,"name":"Accueil","item":"https:\/\/www.capoptimist.com\/es\/"},{"@type":"ListItem","position":2,"name":"ITZIAR ABASCAL"}]},{"@type":"WebSite","@id":"https:\/\/www.capoptimist.com\/es\/#website","url":"https:\/\/www.capoptimist.com\/es\/","name":"CAP OPTIMIST","description":"Vivre son d\u00e9fi","potentialAction":[{"@type":"SearchAction","target":{"@type":"EntryPoint","urlTemplate":"https:\/\/www.capoptimist.com\/es\/?s={search_term_string}"},"query-input":{"@type":"PropertyValueSpecification","valueRequired":true,"valueName":"search_term_string"}}],"inLanguage":"es"}]}},"_links":{"self":[{"href":"https:\/\/www.capoptimist.com\/es\/wp-json\/wp\/v2\/pages\/247172","targetHints":{"allow":["GET"]}}],"collection":[{"href":"https:\/\/www.capoptimist.com\/es\/wp-json\/wp\/v2\/pages"}],"about":[{"href":"https:\/\/www.capoptimist.com\/es\/wp-json\/wp\/v2\/types\/page"}],"author":[{"embeddable":true,"href":"https:\/\/www.capoptimist.com\/es\/wp-json\/wp\/v2\/users\/1"}],"replies":[{"embeddable":true,"href":"https:\/\/www.capoptimist.com\/es\/wp-json\/wp\/v2\/comments?post=247172"}],"version-history":[{"count":0,"href":"https:\/\/www.capoptimist.com\/es\/wp-json\/wp\/v2\/pages\/247172\/revisions"}],"wp:attachment":[{"href":"https:\/\/www.capoptimist.com\/es\/wp-json\/wp\/v2\/media?parent=247172"}],"curies":[{"name":"wp","href":"https:\/\/api.w.org\/{rel}","templated":true}]}}