{"id":246892,"date":"2022-04-19T17:05:22","date_gmt":"2022-04-19T15:05:22","guid":{"rendered":"https:\/\/www.capoptimist.com\/objetivo-super-optimista\/"},"modified":"2022-12-01T12:56:34","modified_gmt":"2022-12-01T11:56:34","slug":"objetivo-super-optimista","status":"publish","type":"page","link":"https:\/\/www.capoptimist.com\/es\/objetivo-super-optimista\/","title":{"rendered":"Objetivo: Super optimista"},"content":{"rendered":"<p>[et_pb_section fb_built=\u00bb1&#8243; _builder_version=\u00bb4.17.3&#8243; _module_preset=\u00bbdefault\u00bb background_image=\u00bbhttps:\/\/www.capoptimist.com\/wp-content\/uploads\/2022\/04\/Supers-optimistes-kids.jpg\u00bb custom_padding=\u00bb||569px|||\u00bb da_disable_devices=\u00bboff|off|off\u00bb global_colors_info=\u00bb{}\u00bb da_is_popup=\u00bboff\u00bb da_exit_intent=\u00bboff\u00bb da_has_close=\u00bbon\u00bb da_alt_close=\u00bboff\u00bb da_dark_close=\u00bboff\u00bb da_not_modal=\u00bbon\u00bb da_is_singular=\u00bboff\u00bb da_with_loader=\u00bboff\u00bb da_has_shadow=\u00bbon\u00bb][et_pb_row column_structure=\u00bb1_2,1_2&#8243; _builder_version=\u00bb4.17.1&#8243; _module_preset=\u00bbdefault\u00bb background_enable_color=\u00bboff\u00bb width=\u00bb100%\u00bb max_width=\u00bb2560px\u00bb custom_padding=\u00bb0px||0px|||\u00bb global_colors_info=\u00bb{}\u00bb][et_pb_column type=\u00bb1_2&#8243; _builder_version=\u00bb4.17.1&#8243; _module_preset=\u00bbdefault\u00bb background_color=\u00bbrgba(46,74,85,0.81)\u00bb global_colors_info=\u00bb{}\u00bb][et_pb_text _builder_version=\u00bb4.17.3&#8243; _module_preset=\u00bbdefault\u00bb text_font=\u00bb|700|||||||\u00bb text_text_color=\u00bb#FFFFFF\u00bb text_font_size=\u00bb20px\u00bb text_letter_spacing=\u00bb1px\u00bb header_3_text_color=\u00bb#FFFFFF\u00bb header_3_font_size=\u00bb31px\u00bb width=\u00bb76%\u00bb max_width=\u00bb73%\u00bb module_alignment=\u00bbcenter\u00bb custom_margin=\u00bb30px||30px||true|false\u00bb global_colors_info=\u00bb{}\u00bb]<\/p>\n<h3 style=\"text-align: left;\"><b>Un desaf\u00edo ben\u00e9fico mundial, el primero de su clase, en beneficio de los ni\u00f1os vulnerables que luchan contra el c\u00e1ncer.  <\/b><\/h3>\n<p style=\"text-align: left;\"><span style=\"font-weight: 400;\"><br \/>Los fondos permitir\u00e1n a la Asociaci\u00f3n dise\u00f1ar y desarrollar acciones de Sport &amp; Mental para los ni\u00f1os en Francia y en los pa\u00edses socios de la traves\u00eda.<\/span><\/p>\n<p style=\"text-align: left;\"><span style=\"font-weight: 400;\">De forma m\u00e1s global, este reto pretende poner de relieve a estos superh\u00e9roes que luchan a diario contra la enfermedad, para apoyar a las familias y amigos que est\u00e1n pasando por estas pruebas de la vida.<\/span><\/p>\n<p style=\"text-align: left;\"><span style=\"font-weight: 400;\">La Asociaci\u00f3n tambi\u00e9n est\u00e1 desarrollando un programa de prevenci\u00f3n primaria \u00abUn reto en mi escuela\u00bb en los colegios (de primaria a corto plazo) para concienciar a los ni\u00f1os, desde peque\u00f1os, de que se cuiden a trav\u00e9s del deporte, la salud mental y la nutrici\u00f3n, que practiquen una actividad f\u00edsica y deportiva regular y que crean en s\u00ed mismos y en sus sue\u00f1os.<\/span><\/p>\n<p>[\/et_pb_text][\/et_pb_column][et_pb_column type=\u00bb1_2&#8243; _builder_version=\u00bb4.17.1&#8243; _module_preset=\u00bbdefault\u00bb global_colors_info=\u00bb{}\u00bb][\/et_pb_column][\/et_pb_row][et_pb_row column_structure=\u00bb1_3,1_3,1_3&#8243; _builder_version=\u00bb4.17.3&#8243; _module_preset=\u00bbdefault\u00bb custom_margin=\u00bb2px|auto||auto||\u00bb custom_padding=\u00bb0px||0px|||\u00bb global_colors_info=\u00bb{}\u00bb][et_pb_column type=\u00bb1_3&#8243; _builder_version=\u00bb4.17.3&#8243; _module_preset=\u00bbdefault\u00bb global_colors_info=\u00bb{}\u00bb][et_pb_text _builder_version=\u00bb4.17.3&#8243; _module_preset=\u00bbdefault\u00bb text_font=\u00bb|800|||||||\u00bb text_text_color=\u00bb#006668&#8243; text_font_size=\u00bb17px\u00bb header_3_text_color=\u00bb#2E4A55&#8243; header_3_font_size=\u00bb26px\u00bb background_color=\u00bbrgba(109,198,191,0.88)\u00bb custom_margin=\u00bb-20px|||||\u00bb custom_padding=\u00bb30px|30px|30px|30px|true|true\u00bb global_colors_info=\u00bb{}\u00bb]<\/p>\n<h3><span>Cifras clave<\/span><\/h3>\n<div>\n<p>Equipamiento de 10 establecimientos sanitarios con t\u00f3tems deportivos<\/p>\n<p style=\"font-weight: 400;\">Acompa\u00f1amiento de 40 ni\u00f1os mayores de 3 a\u00f1os<\/p>\n<p style=\"font-weight: 400;\">Implantaci\u00f3n de un programa educativo en 100 clases para sensibilizar a unos 3000 ni\u00f1os sobre el deporte y la salud en un plazo de 3 a\u00f1os<\/p>\n<\/div>\n<div><\/div>\n<p>[\/et_pb_text][\/et_pb_column][et_pb_column type=\u00bb1_3&#8243; _builder_version=\u00bb4.17.3&#8243; _module_preset=\u00bbdefault\u00bb global_colors_info=\u00bb{}\u00bb][\/et_pb_column][et_pb_column type=\u00bb1_3&#8243; _builder_version=\u00bb4.17.3&#8243; _module_preset=\u00bbdefault\u00bb global_colors_info=\u00bb{}\u00bb][\/et_pb_column][\/et_pb_row][\/et_pb_section][et_pb_section fb_built=\u00bb1&#8243; theme_builder_area=\u00bbpost_content\u00bb _builder_version=\u00bb4.18.0&#8243; _module_preset=\u00bbdefault\u00bb background_color=\u00bb#006668&#8243; hover_enabled=\u00bb0&#8243; sticky_enabled=\u00bb0&#8243; background_enable_video_mp4=\u00bboff\u00bb width=\u00bb100%\u00bb max_width=\u00bb100%\u00bb custom_padding=\u00bb100px||100px||true|false\u00bb da_is_popup=\u00bboff\u00bb da_exit_intent=\u00bboff\u00bb da_has_close=\u00bbon\u00bb da_alt_close=\u00bboff\u00bb da_dark_close=\u00bboff\u00bb da_not_modal=\u00bbon\u00bb da_is_singular=\u00bboff\u00bb da_with_loader=\u00bboff\u00bb da_has_shadow=\u00bbon\u00bb da_disable_devices=\u00bboff|off|off\u00bb][et_pb_row _builder_version=\u00bb4.18.0&#8243; _module_preset=\u00bbdefault\u00bb theme_builder_area=\u00bbpost_content\u00bb custom_padding=\u00bb1px||0px|||\u00bb hover_enabled=\u00bb0&#8243; sticky_enabled=\u00bb0&#8243;][et_pb_column _builder_version=\u00bb4.18.0&#8243; _module_preset=\u00bbdefault\u00bb type=\u00bb4_4&#8243; theme_builder_area=\u00bbpost_content\u00bb][et_pb_text _builder_version=\u00bb4.18.0&#8243; _module_preset=\u00bbdefault\u00bb theme_builder_area=\u00bbpost_content\u00bb hover_enabled=\u00bb0&#8243; sticky_enabled=\u00bb0&#8243;]<iframe width=\"100%\" height=\"700\" src=\"https:\/\/www.youtube.com\/embed\/16VuJxB3DG4\" title=\"Reproductor de v\u00eddeo de YouTube\" frameborder=\"0\" allow=\"accelerometer; autoplay; clipboard-write; encrypted-media; gyroscope; picture-in-picture\" allowfullscreen=\"\"><\/iframe>[\/et_pb_text][\/et_pb_column][\/et_pb_row][\/et_pb_section][et_pb_section fb_built=\u00bb1&#8243; theme_builder_area=\u00bbpost_content\u00bb _builder_version=\u00bb4.18.0&#8243; _module_preset=\u00bbdefault\u00bb custom_padding=\u00bb50px||16px|||\u00bb da_is_popup=\u00bboff\u00bb da_exit_intent=\u00bboff\u00bb da_has_close=\u00bbon\u00bb da_alt_close=\u00bboff\u00bb da_dark_close=\u00bboff\u00bb da_not_modal=\u00bbon\u00bb da_is_singular=\u00bboff\u00bb da_with_loader=\u00bboff\u00bb da_has_shadow=\u00bbon\u00bb da_disable_devices=\u00bboff|off|off\u00bb][et_pb_row _builder_version=\u00bb4.18.0&#8243; _module_preset=\u00bbdefault\u00bb theme_builder_area=\u00bbpost_content\u00bb custom_padding=\u00bb5px||2px|||\u00bb][et_pb_column _builder_version=\u00bb4.18.0&#8243; _module_preset=\u00bbdefault\u00bb type=\u00bb4_4&#8243; theme_builder_area=\u00bbpost_content\u00bb][et_pb_text _builder_version=\u00bb4.18.0&#8243; _module_preset=\u00bbdefault\u00bb theme_builder_area=\u00bbpost_content\u00bb header_3_font_size=\u00bb34px\u00bb header_3_letter_spacing=\u00bb1px\u00bb hover_enabled=\u00bb0&#8243; sticky_enabled=\u00bb0&#8243;]<\/p>\n<h3><b>Inauguraci\u00f3n del centro deportivo Totem en el Hospital Universitario de Bayona  <\/b><\/h3>\n<p>[\/et_pb_text][et_pb_slider _builder_version=\u00bb4.18.0&#8243; _module_preset=\u00bbdefault\u00bb theme_builder_area=\u00bbpost_content\u00bb hover_enabled=\u00bb0&#8243; sticky_enabled=\u00bb0&#8243; custom_padding=\u00bb400px||400px||true|false\u00bb][et_pb_slide _builder_version=\u00bb4.18.0&#8243; _module_preset=\u00bbdefault\u00bb theme_builder_area=\u00bbpost_content\u00bb title_text=\u00bbTotem CH Bayonne 2&#8243; background_image=\u00bbhttps:\/\/www.capoptimist.com\/wp-content\/uploads\/2022\/10\/Totem-CH-Bayonne-2.jpg\u00bb background_enable_image=\u00bbon\u00bb background_enable_color=\u00bboff\u00bb custom_padding=\u00bb||||false|false\u00bb hover_enabled=\u00bb0&#8243; sticky_enabled=\u00bb0&#8243;][\/et_pb_slide][et_pb_slide _builder_version=\u00bb4.18.0&#8243; _module_preset=\u00bbdefault\u00bb theme_builder_area=\u00bbpost_content\u00bb title_text=\u00bbtotem CH Bayonne\u00bb background_image=\u00bbhttps:\/\/www.capoptimist.com\/wp-content\/uploads\/2022\/10\/totem-CH-Bayonne.jpg\u00bb background_enable_image=\u00bbon\u00bb background_enable_color=\u00bboff\u00bb custom_padding=\u00bb||||false|false\u00bb hover_enabled=\u00bb0&#8243; sticky_enabled=\u00bb0&#8243;][\/et_pb_slide][\/et_pb_slider][\/et_pb_column][\/et_pb_row][et_pb_row _builder_version=\u00bb4.18.0&#8243; _module_preset=\u00bbdefault\u00bb column_structure=\u00bb1_4,1_4,1_4,1_4&#8243; theme_builder_area=\u00bbpost_content\u00bb][et_pb_column _builder_version=\u00bb4.18.0&#8243; _module_preset=\u00bbdefault\u00bb type=\u00bb1_4&#8243; theme_builder_area=\u00bbpost_content\u00bb][et_pb_image src=\u00bbhttps:\/\/www.capoptimist.com\/wp-content\/uploads\/2022\/10\/totem-entre-parentheses-9.jpg\u00bb _builder_version=\u00bb4.18.0&#8243; _module_preset=\u00bbdefault\u00bb theme_builder_area=\u00bbpost_content\u00bb title_text=\u00bbt\u00f3tem entre par\u00e9ntesis 9&#8243; hover_enabled=\u00bb0&#8243; sticky_enabled=\u00bb0&#8243;][\/et_pb_image][\/et_pb_column][et_pb_column _builder_version=\u00bb4.18.0&#8243; _module_preset=\u00bbdefault\u00bb type=\u00bb1_4&#8243; theme_builder_area=\u00bbpost_content\u00bb][et_pb_image src=\u00bbhttps:\/\/www.capoptimist.com\/wp-content\/uploads\/2022\/10\/totem-entre-parentheses-7.jpg\u00bb _builder_version=\u00bb4.18.0&#8243; _module_preset=\u00bbdefault\u00bb theme_builder_area=\u00bbpost_content\u00bb title_text=\u00bbt\u00f3tem entre par\u00e9ntesis 7&#8243; hover_enabled=\u00bb0&#8243; sticky_enabled=\u00bb0&#8243;][\/et_pb_image][\/et_pb_column][et_pb_column _builder_version=\u00bb4.18.0&#8243; _module_preset=\u00bbdefault\u00bb type=\u00bb1_4&#8243; theme_builder_area=\u00bbpost_content\u00bb][et_pb_image src=\u00bbhttps:\/\/www.capoptimist.com\/wp-content\/uploads\/2022\/10\/totem-Entre-parentheses-1.jpg\u00bb _builder_version=\u00bb4.18.0&#8243; _module_preset=\u00bbdefault\u00bb theme_builder_area=\u00bbpost_content\u00bb title_text=\u00bbt\u00f3tem Entre par\u00e9ntesis 1&#8243; hover_enabled=\u00bb0&#8243; sticky_enabled=\u00bb0&#8243;][\/et_pb_image][\/et_pb_column][et_pb_column _builder_version=\u00bb4.18.0&#8243; _module_preset=\u00bbdefault\u00bb type=\u00bb1_4&#8243; theme_builder_area=\u00bbpost_content\u00bb][et_pb_image src=\u00bbhttps:\/\/www.capoptimist.com\/wp-content\/uploads\/2022\/10\/totem-entre-parentheses-5.jpg\u00bb _builder_version=\u00bb4.18.0&#8243; _module_preset=\u00bbdefault\u00bb theme_builder_area=\u00bbpost_content\u00bb title_text=\u00bbt\u00f3tem entre par\u00e9ntesis 5&#8243; hover_enabled=\u00bb0&#8243; sticky_enabled=\u00bb0&#8243;][\/et_pb_image][\/et_pb_column][\/et_pb_row][\/et_pb_section]<\/p>\n","protected":false},"excerpt":{"rendered":"<p>Un desaf\u00edo ben\u00e9fico mundial, el primero de su clase, en beneficio de los ni\u00f1os vulnerables que luchan contra el c\u00e1ncer. Los fondos permitir\u00e1n a la Asociaci\u00f3n dise\u00f1ar y desarrollar acciones de Sport &amp; Mental para los ni\u00f1os en Francia y en los pa\u00edses socios de la traves\u00eda. De forma m\u00e1s global, este reto pretende poner [&hellip;]<\/p>\n","protected":false},"author":1,"featured_media":0,"parent":0,"menu_order":0,"comment_status":"closed","ping_status":"closed","template":"","meta":{"_et_pb_use_builder":"on","_et_pb_old_content":"","_et_gb_content_width":"","_monsterinsights_skip_tracking":false,"_monsterinsights_sitenote_active":false,"_monsterinsights_sitenote_note":"","_monsterinsights_sitenote_category":0,"footnotes":""},"class_list":["post-246892","page","type-page","status-publish","hentry"],"yoast_head":"<!-- This site is optimized with the Yoast SEO plugin v27.4 - https:\/\/yoast.com\/product\/yoast-seo-wordpress\/ -->\n<title>Objetivo: Super optimista - CAP OPTIMIST<\/title>\n<meta name=\"robots\" content=\"index, follow, max-snippet:-1, max-image-preview:large, max-video-preview:-1\" \/>\n<link rel=\"canonical\" href=\"https:\/\/www.capoptimist.com\/es\/objetivo-super-optimista\/\" \/>\n<meta property=\"og:locale\" content=\"es_ES\" \/>\n<meta property=\"og:type\" content=\"article\" \/>\n<meta property=\"og:title\" content=\"Objetivo: Super optimista - CAP OPTIMIST\" \/>\n<meta property=\"og:description\" content=\"Un desaf\u00edo ben\u00e9fico mundial, el primero de su clase, en beneficio de los ni\u00f1os vulnerables que luchan contra el c\u00e1ncer. Los fondos permitir\u00e1n a la Asociaci\u00f3n dise\u00f1ar y desarrollar acciones de Sport &amp; Mental para los ni\u00f1os en Francia y en los pa\u00edses socios de la traves\u00eda. De forma m\u00e1s global, este reto pretende poner [&hellip;]\" \/>\n<meta property=\"og:url\" content=\"https:\/\/www.capoptimist.com\/es\/objetivo-super-optimista\/\" \/>\n<meta property=\"og:site_name\" content=\"CAP OPTIMIST\" \/>\n<meta property=\"article:modified_time\" content=\"2022-12-01T11:56:34+00:00\" \/>\n<meta name=\"twitter:card\" content=\"summary_large_image\" \/>\n<meta name=\"twitter:label1\" content=\"Tiempo de lectura\" \/>\n\t<meta name=\"twitter:data1\" content=\"6 minutos\" \/>\n<script type=\"application\/ld+json\" class=\"yoast-schema-graph\">{\"@context\":\"https:\\\/\\\/schema.org\",\"@graph\":[{\"@type\":\"WebPage\",\"@id\":\"https:\\\/\\\/www.capoptimist.com\\\/es\\\/objetivo-super-optimista\\\/\",\"url\":\"https:\\\/\\\/www.capoptimist.com\\\/es\\\/objetivo-super-optimista\\\/\",\"name\":\"Objetivo: Super optimista - CAP OPTIMIST\",\"isPartOf\":{\"@id\":\"https:\\\/\\\/www.capoptimist.com\\\/es\\\/#website\"},\"datePublished\":\"2022-04-19T15:05:22+00:00\",\"dateModified\":\"2022-12-01T11:56:34+00:00\",\"breadcrumb\":{\"@id\":\"https:\\\/\\\/www.capoptimist.com\\\/es\\\/objetivo-super-optimista\\\/#breadcrumb\"},\"inLanguage\":\"es\",\"potentialAction\":[{\"@type\":\"ReadAction\",\"target\":[\"https:\\\/\\\/www.capoptimist.com\\\/es\\\/objetivo-super-optimista\\\/\"]}]},{\"@type\":\"BreadcrumbList\",\"@id\":\"https:\\\/\\\/www.capoptimist.com\\\/es\\\/objetivo-super-optimista\\\/#breadcrumb\",\"itemListElement\":[{\"@type\":\"ListItem\",\"position\":1,\"name\":\"Accueil\",\"item\":\"https:\\\/\\\/www.capoptimist.com\\\/es\\\/\"},{\"@type\":\"ListItem\",\"position\":2,\"name\":\"Objetivo: Super optimista\"}]},{\"@type\":\"WebSite\",\"@id\":\"https:\\\/\\\/www.capoptimist.com\\\/es\\\/#website\",\"url\":\"https:\\\/\\\/www.capoptimist.com\\\/es\\\/\",\"name\":\"CAP OPTIMIST\",\"description\":\"Vivre son d\u00e9fi\",\"potentialAction\":[{\"@type\":\"SearchAction\",\"target\":{\"@type\":\"EntryPoint\",\"urlTemplate\":\"https:\\\/\\\/www.capoptimist.com\\\/es\\\/?s={search_term_string}\"},\"query-input\":{\"@type\":\"PropertyValueSpecification\",\"valueRequired\":true,\"valueName\":\"search_term_string\"}}],\"inLanguage\":\"es\"}]}<\/script>\n<!-- \/ Yoast SEO plugin. -->","yoast_head_json":{"title":"Objetivo: Super optimista - CAP OPTIMIST","robots":{"index":"index","follow":"follow","max-snippet":"max-snippet:-1","max-image-preview":"max-image-preview:large","max-video-preview":"max-video-preview:-1"},"canonical":"https:\/\/www.capoptimist.com\/es\/objetivo-super-optimista\/","og_locale":"es_ES","og_type":"article","og_title":"Objetivo: Super optimista - CAP OPTIMIST","og_description":"Un desaf\u00edo ben\u00e9fico mundial, el primero de su clase, en beneficio de los ni\u00f1os vulnerables que luchan contra el c\u00e1ncer. Los fondos permitir\u00e1n a la Asociaci\u00f3n dise\u00f1ar y desarrollar acciones de Sport &amp; Mental para los ni\u00f1os en Francia y en los pa\u00edses socios de la traves\u00eda. De forma m\u00e1s global, este reto pretende poner [&hellip;]","og_url":"https:\/\/www.capoptimist.com\/es\/objetivo-super-optimista\/","og_site_name":"CAP OPTIMIST","article_modified_time":"2022-12-01T11:56:34+00:00","twitter_card":"summary_large_image","twitter_misc":{"Tiempo de lectura":"6 minutos"},"schema":{"@context":"https:\/\/schema.org","@graph":[{"@type":"WebPage","@id":"https:\/\/www.capoptimist.com\/es\/objetivo-super-optimista\/","url":"https:\/\/www.capoptimist.com\/es\/objetivo-super-optimista\/","name":"Objetivo: Super optimista - CAP OPTIMIST","isPartOf":{"@id":"https:\/\/www.capoptimist.com\/es\/#website"},"datePublished":"2022-04-19T15:05:22+00:00","dateModified":"2022-12-01T11:56:34+00:00","breadcrumb":{"@id":"https:\/\/www.capoptimist.com\/es\/objetivo-super-optimista\/#breadcrumb"},"inLanguage":"es","potentialAction":[{"@type":"ReadAction","target":["https:\/\/www.capoptimist.com\/es\/objetivo-super-optimista\/"]}]},{"@type":"BreadcrumbList","@id":"https:\/\/www.capoptimist.com\/es\/objetivo-super-optimista\/#breadcrumb","itemListElement":[{"@type":"ListItem","position":1,"name":"Accueil","item":"https:\/\/www.capoptimist.com\/es\/"},{"@type":"ListItem","position":2,"name":"Objetivo: Super optimista"}]},{"@type":"WebSite","@id":"https:\/\/www.capoptimist.com\/es\/#website","url":"https:\/\/www.capoptimist.com\/es\/","name":"CAP OPTIMIST","description":"Vivre son d\u00e9fi","potentialAction":[{"@type":"SearchAction","target":{"@type":"EntryPoint","urlTemplate":"https:\/\/www.capoptimist.com\/es\/?s={search_term_string}"},"query-input":{"@type":"PropertyValueSpecification","valueRequired":true,"valueName":"search_term_string"}}],"inLanguage":"es"}]}},"_links":{"self":[{"href":"https:\/\/www.capoptimist.com\/es\/wp-json\/wp\/v2\/pages\/246892","targetHints":{"allow":["GET"]}}],"collection":[{"href":"https:\/\/www.capoptimist.com\/es\/wp-json\/wp\/v2\/pages"}],"about":[{"href":"https:\/\/www.capoptimist.com\/es\/wp-json\/wp\/v2\/types\/page"}],"author":[{"embeddable":true,"href":"https:\/\/www.capoptimist.com\/es\/wp-json\/wp\/v2\/users\/1"}],"replies":[{"embeddable":true,"href":"https:\/\/www.capoptimist.com\/es\/wp-json\/wp\/v2\/comments?post=246892"}],"version-history":[{"count":0,"href":"https:\/\/www.capoptimist.com\/es\/wp-json\/wp\/v2\/pages\/246892\/revisions"}],"wp:attachment":[{"href":"https:\/\/www.capoptimist.com\/es\/wp-json\/wp\/v2\/media?parent=246892"}],"curies":[{"name":"wp","href":"https:\/\/api.w.org\/{rel}","templated":true}]}}