{"id":246816,"date":"2022-05-27T14:42:36","date_gmt":"2022-05-27T12:42:36","guid":{"rendered":"https:\/\/www.capoptimist.com\/equipo-esperanza-este\/"},"modified":"2022-12-01T12:57:13","modified_gmt":"2022-12-01T11:57:13","slug":"equipo-esperanza-este","status":"publish","type":"page","link":"https:\/\/www.capoptimist.com\/es\/equipo-esperanza-este\/","title":{"rendered":"Equipo Esperanza Este"},"content":{"rendered":"<p>[et_pb_section fb_built=\u00bb1&#8243; _builder_version=\u00bb4.17.1&#8243; _module_preset=\u00bbdefault\u00bb use_background_color_gradient=\u00bbon\u00bb background_color_gradient_stops=\u00bbrgba(0,102,104,0.67) 0%|#6dc6bf 100%\u00bb background_color_gradient_overlays_image=\u00bbon\u00bb background_image=\u00bbhttps:\/\/www.capoptimist.com\/wp-content\/uploads\/2022\/04\/Accueil-2732x1536px.jpg\u00bb background_enable_pattern_style=\u00bbon\u00bb background_pattern_style=\u00bbdiagonal-stripes-2&#8243; background_pattern_color=\u00bbrgba(0,0,0,0.04)\u00bb background_pattern_horizontal_offset=\u00bb100%\u00bb background_pattern_vertical_offset=\u00bb100%\u00bb background_pattern_blend_mode=\u00bboverlay\u00bb custom_padding=\u00bb2px|||||\u00bb da_disable_devices=\u00bboff|off|off\u00bb global_colors_info=\u00bb{}\u00bb da_is_popup=\u00bboff\u00bb da_exit_intent=\u00bboff\u00bb da_has_close=\u00bbon\u00bb da_alt_close=\u00bboff\u00bb da_dark_close=\u00bboff\u00bb da_not_modal=\u00bbon\u00bb da_is_singular=\u00bboff\u00bb da_with_loader=\u00bboff\u00bb da_has_shadow=\u00bbon\u00bb][et_pb_row _builder_version=\u00bb4.17.1&#8243; _module_preset=\u00bbdefault\u00bb global_colors_info=\u00bb{}\u00bb][et_pb_column type=\u00bb4_4&#8243; _builder_version=\u00bb4.17.1&#8243; _module_preset=\u00bbdefault\u00bb global_colors_info=\u00bb{}\u00bb][et_pb_image src=\u00bbhttps:\/\/www.capoptimist.com\/wp-content\/uploads\/2021\/06\/Logo-Hope-Team-East-blanc.png\u00bb alt=\u00bbLogo-Hope-Team-East-white\u00bb title_text=\u00bbLogo-Hope-Team-East-white\u00bb align=\u00bbcenter\u00bb src_tablet=\u00bbhttps:\/\/www.capoptimist.com\/wp-content\/uploads\/2021\/06\/Logo-Hope-Team-East-blanc.png\u00bb src_phone=\u00bbhttps:\/\/www.capoptimist.com\/wp-content\/uploads\/2021\/06\/Logo-Hope-Team-East-blanc.png\u00bb src_last_edited=\u00bbon|desktop\u00bb _builder_version=\u00bb4.17.3&#8243; _module_preset=\u00bbdefault\u00bb width=\u00bb17%\u00bb max_width=\u00bb79%\u00bb module_alignment=\u00bbcenter\u00bb animation_style=\u00bbfade\u00bb global_colors_info=\u00bb{}\u00bb][\/et_pb_image][et_pb_text _builder_version=\u00bb4.17.4&#8243; _module_preset=\u00bbdefault\u00bb header_font=\u00bb|700||on|||||\u00bb header_text_align=\u00bbcenter\u00bb header_text_color=\u00bb#FFFFFF\u00bb header_font_size=\u00bb60px\u00bb header_2_font=\u00bb||||on|||#FFFFFF|\u00bb header_2_text_align=\u00bbcenter\u00bb header_2_text_color=\u00bb#FFFFFF\u00bb header_2_font_size=\u00bb32px\u00bb hover_enabled=\u00bb0&#8243; global_colors_info=\u00bb{}\u00bb sticky_enabled=\u00bb0&#8243;]<\/p>\n<h1><span style=\"font-weight: 400;\">La Asociaci\u00f3n Hope Team East<\/span><\/h1>\n<h2><span style=\"font-weight: 400;\">el proyecto<\/span><\/h2>\n<p>[\/et_pb_text][et_pb_button button_url=\u00bbhttps:\/\/hopeteameast.fr\u00bb button_text=\u00bbVer p\u00e1gina web\u00bb button_alignment=\u00bbcenter\u00bb _builder_version=\u00bb4.17.4&#8243; _module_preset=\u00bbdefault\u00bb custom_button=\u00bbon\u00bb button_text_size=\u00bb14px\u00bb button_text_color=\u00bb#FFFFFF\u00bb button_bg_color=\u00bb#006668&#8243; button_border_width=\u00bb0px\u00bb button_border_radius=\u00bb80px\u00bb button_icon=\u00bb&#xe089;||divi||400&#8243; button_icon_color=\u00bb#FFFFFF\u00bb hover_enabled=\u00bb0&#8243; global_colors_info=\u00bb{}\u00bb sticky_enabled=\u00bb0&#8243;][\/et_pb_button][\/et_pb_column][\/et_pb_row][et_pb_row _builder_version=\u00bb4.17.1&#8243; _module_preset=\u00bbdefault\u00bb custom_padding=\u00bb0px||14px|||\u00bb global_colors_info=\u00bb{}\u00bb][et_pb_column type=\u00bb4_4&#8243; _builder_version=\u00bb4.17.1&#8243; _module_preset=\u00bbdefault\u00bb global_colors_info=\u00bb{}\u00bb][et_pb_text _builder_version=\u00bb4.17.4&#8243; _module_preset=\u00bbdefault\u00bb text_font=\u00bb|700|||||||\u00bb text_text_color=\u00bb#FFFFFF\u00bb text_font_size=\u00bb20px\u00bb text_line_height=\u00bb1.8em\u00bb header_5_text_align=\u00bbcenter\u00bb header_5_text_color=\u00bb#FFFFFF\u00bb header_5_font_size=\u00bb20px\u00bb header_5_line_height=\u00bb1.2em\u00bb text_orientation=\u00bbcenter\u00bb hover_enabled=\u00bb0&#8243; global_colors_info=\u00bb{}\u00bb sticky_enabled=\u00bb0&#8243;]<\/p>\n<p>M\u00e1s de 140 personas con enfermedades siguieron el camino y se lograron muchos retos deportivos en 4 a\u00f1os, adem\u00e1s de sensibilizar a m\u00e1s de 5000 personas.<\/p>\n<p>La asociaci\u00f3n creada en 2015 ,reconocida como de inter\u00e9s general y presidida por St\u00e9phanie Geyer Barneix junto con Alexandra Armand Le Mou\u00ebl acompa\u00f1an a las personas durante y despu\u00e9s del tratamiento de la enfermedad cr\u00f3nica, a trav\u00e9s del deporte, a una mejor forma de vivir.<\/p>\n<p>Cada Optimist se enfrenta a un reto deportivo (durante al menos un a\u00f1o) con el objetivo de recuperar la confianza en s\u00ed mismo y llevar a sus amigos y familiares a la aventura.<\/p>\n<p>&nbsp;<\/p>\n<h5>En un plano m\u00e1s amplio, la asociaci\u00f3n es un actor clave en materia de deporte-salud debido a sus medidas de prevenci\u00f3n y sensibilizaci\u00f3n sobre los beneficios del deporte y los estilos de vida y valores relacionados con \u00e9l (preparaci\u00f3n mental y f\u00edsica, nutrici\u00f3n y bienestar).<\/h5>\n<p>[\/et_pb_text][\/et_pb_column][\/et_pb_row][et_pb_row column_structure=\u00bb1_2,1_2&#8243; _builder_version=\u00bb4.17.1&#8243; _module_preset=\u00bbdefault\u00bb custom_padding=\u00bb||0px|||\u00bb global_colors_info=\u00bb{}\u00bb][et_pb_column type=\u00bb1_2&#8243; _builder_version=\u00bb4.17.1&#8243; _module_preset=\u00bbdefault\u00bb global_colors_info=\u00bb{}\u00bb][et_pb_text _builder_version=\u00bb4.17.4&#8243; _module_preset=\u00bbdefault\u00bb text_font=\u00bb|600|||||||\u00bb text_font_size=\u00bb16px\u00bb header_4_text_align=\u00bbcenter\u00bb header_4_font_size=\u00bb33px\u00bb background_color=\u00bb#ffffff\u00bb width=\u00bb100%\u00bb max_width=\u00bb100%\u00bb module_alignment=\u00bbcenter\u00bb custom_margin=\u00bb|||0px|false|false\u00bb custom_padding=\u00bb20px|20px|20px|20px|true|true\u00bb animation_style=\u00bbslide\u00bb border_radii=\u00bbon|20px|20px|20px|20px\u00bb box_shadow_style=\u00bbpreset1&#8243; global_colors_info=\u00bb{}\u00bb]<\/p>\n<h4><span style=\"font-weight: 400;\">Misiones<\/span><\/h4>\n<p>&#8211; Apoyo a los adultos tras el tratamiento de una enfermedad cr\u00f3nica<\/p>\n<p>&#8211; Apoyo a los ni\u00f1os enfermos (proyecto en fase de iniciaci\u00f3n)<\/p>\n<p>&#8211; Acciones preventivas y actividades educativas sobre los beneficios del deporte para el p\u00fablico en general, las empresas, las escuelas y los centros de salud<\/p>\n<p>&#8211;<span style=\"font-weight: 400;\"> <\/span>En general, concienciar sobre el desarrollo personal y la confianza en uno mismo a trav\u00e9s de la realizaci\u00f3n de retos deportivos.<\/p>\n<p>[\/et_pb_text][\/et_pb_column][et_pb_column type=\u00bb1_2&#8243; _builder_version=\u00bb4.17.1&#8243; _module_preset=\u00bbdefault\u00bb global_colors_info=\u00bb{}\u00bb][et_pb_text _builder_version=\u00bb4.17.4&#8243; _module_preset=\u00bbdefault\u00bb text_font=\u00bb|600|||||||\u00bb text_font_size=\u00bb16px\u00bb header_4_text_align=\u00bbcenter\u00bb header_4_font_size=\u00bb33px\u00bb background_color=\u00bb#ffffff\u00bb width=\u00bb100%\u00bb max_width=\u00bb100%\u00bb module_alignment=\u00bbcenter\u00bb custom_margin=\u00bb|||0px|false|false\u00bb custom_padding=\u00bb20px|20px|20px|20px|true|true\u00bb animation_style=\u00bbslide\u00bb hover_enabled=\u00bb0&#8243; border_radii=\u00bbon|20px|20px|20px|20px\u00bb box_shadow_style=\u00bbpreset1&#8243; global_colors_info=\u00bb{}\u00bb sticky_enabled=\u00bb0&#8243;]<\/p>\n<h4>Seguimiento de nuestros miembros<\/h4>\n<p>&#8211; M\u00e1s de 150 adultos atendidos en 4 a\u00f1os<\/p>\n<p>&#8211; Una quincena de centros de salud asociados y 5 especialistas en oncolog\u00eda y c\u00e1ncer en el consejo de administraci\u00f3n<\/p>\n<p>[\/et_pb_text][\/et_pb_column][\/et_pb_row][\/et_pb_section][et_pb_section fb_built=\u00bb1&#8243; _builder_version=\u00bb4.17.1&#8243; _module_preset=\u00bbdefault\u00bb background_color=\u00bb#F49FB5&#8243; use_background_color_gradient=\u00bbon\u00bb background_color_gradient_stops=\u00bb#f49fb5 0%|#e56eb3 100%\u00bb background_enable_pattern_style=\u00bbon\u00bb background_pattern_style=\u00bbwaves\u00bb background_pattern_color=\u00bbrgba(255,255,255,0.03)\u00bb background_pattern_size=\u00bbcustom\u00bb background_pattern_width=\u00bb1000px\u00bb background_pattern_height=\u00bb0px\u00bb background_pattern_horizontal_offset=\u00bb100%\u00bb background_pattern_vertical_offset=\u00bb100%\u00bb custom_padding=\u00bb124px||109px|||\u00bb top_divider_style=\u00bbwaves\u00bb top_divider_color=\u00bb#6DC6BF\u00bb top_divider_height=\u00bb49px\u00bb da_disable_devices=\u00bboff|off|off\u00bb global_colors_info=\u00bb{}\u00bb da_is_popup=\u00bboff\u00bb da_exit_intent=\u00bboff\u00bb da_has_close=\u00bbon\u00bb da_alt_close=\u00bboff\u00bb da_dark_close=\u00bboff\u00bb da_not_modal=\u00bbon\u00bb da_is_singular=\u00bboff\u00bb da_with_loader=\u00bboff\u00bb da_has_shadow=\u00bbon\u00bb][et_pb_row column_structure=\u00bb2_5,3_5&#8243; _builder_version=\u00bb4.17.1&#8243; _module_preset=\u00bbdefault\u00bb custom_padding=\u00bb0px||0px||false|false\u00bb global_colors_info=\u00bb{}\u00bb][et_pb_column type=\u00bb2_5&#8243; _builder_version=\u00bb4.17.1&#8243; _module_preset=\u00bbdefault\u00bb global_colors_info=\u00bb{}\u00bb][et_pb_image src=\u00bbhttps:\/\/www.capoptimist.com\/wp-content\/uploads\/2021\/06\/steph-barneix.jpg\u00bb alt=\u00bbfoto steph barneix\u00bb title_text=\u00bbfoto steph barneix\u00bb _builder_version=\u00bb4.17.1&#8243; _module_preset=\u00bbdefault\u00bb custom_margin=\u00bb||||false|false\u00bb custom_padding=\u00bb||||false|false\u00bb animation_style=\u00bbfold\u00bb border_radii=\u00bbon|20px|20px|20px|20px\u00bb box_shadow_style=\u00bbpreset1&#8243; global_colors_info=\u00bb{}\u00bb][\/et_pb_image][\/et_pb_column][et_pb_column type=\u00bb3_5&#8243; _builder_version=\u00bb4.17.1&#8243; _module_preset=\u00bbdefault\u00bb global_colors_info=\u00bb{}\u00bb][et_pb_text _builder_version=\u00bb4.17.4&#8243; _module_preset=\u00bbdefault\u00bb header_2_text_color=\u00bb#FFFFFF\u00bb header_2_font_size=\u00bb14px\u00bb header_3_text_color=\u00bb#FFFFFF\u00bb header_3_font_size=\u00bb55px\u00bb header_4_text_color=\u00bb#FFFFFF\u00bb header_4_font_size=\u00bb27px\u00bb header_5_text_color=\u00bb#FFFFFF\u00bb header_5_font_size=\u00bb25px\u00bb header_6_text_color=\u00bb#FFFFFF\u00bb header_6_font_size=\u00bb28px\u00bb custom_margin=\u00bb28px|||||\u00bb hover_enabled=\u00bb0&#8243; global_colors_info=\u00bb{}\u00bb sticky_enabled=\u00bb0&#8243;]<\/p>\n<div class=\"page\" title=\"P\u00e1gina 5\">\n<div class=\"section\">\n<div class=\"layoutArea\">\n<div class=\"column\">\n<h4>LA RESISTENCIA DE UNA MUJER,<\/h4>\n<h3><span>St\u00e9phanie <\/span><span>GEYER BARNEIX<\/span><\/h3>\n<\/div>\n<\/div>\n<\/div>\n<\/div>\n<p>[\/et_pb_text][et_pb_text _builder_version=\u00bb4.17.4&#8243; _module_preset=\u00bbdefault\u00bb text_font=\u00bb|800|||||||\u00bb text_text_color=\u00bb#FFFFFF\u00bb text_font_size=\u00bb17px\u00bb header_2_text_color=\u00bb#FFFFFF\u00bb header_3_text_align=\u00bbleft\u00bb header_3_text_color=\u00bb#FFFFFF\u00bb header_3_font_size=\u00bb32px\u00bb hover_enabled=\u00bb0&#8243; global_colors_info=\u00bb{}\u00bb sticky_enabled=\u00bb0&#8243;]<\/p>\n<div class=\"page\" title=\"P\u00e1gina 5\">\n<div class=\"section\">\n<div class=\"layoutArea\">\n<div class=\"column\">\n<h3 style=\"text-align: left;\">UNA AVENTURERA EXTREMA, 4 VECES SUPERVIVIENTE DE C\u00c1NCER DE MAMA, ACOMPA\u00d1ADA POR 3 REMEROS DE TALLA MUNDIAL.<\/h3>\n<div class=\"page\" title=\"P\u00e1gina 5\">\n<div class=\"section\">\n<div class=\"layoutArea\">\n<div class=\"column\">\n<p style=\"text-align: left;\"><span><\/span><\/p>\n<p>A sus 46 a\u00f1os, campeona del mundo de salvamento costero, St\u00e9phanie es una aventurera de los extremos con la traves\u00eda del Atl\u00e1ntico Norte a remo en 2009 y luego del Cabo de Hornos en 2015. Pero adem\u00e1s, al haber superado 4 veces el c\u00e1ncer de mama, es una aventurera de la vida. Realiza estas expediciones con otros atletas profesionales.<\/p>\n<p style=\"text-align: center;\"><span><\/span><\/p>\n<div class=\"page\" title=\"P\u00e1gina 5\">\n<div class=\"section\">\n<div class=\"layoutArea\">\n<div class=\"column\">\n<p>Desinteresada, optimista y comprometida, cre\u00f3 en 2015 la asociaci\u00f3n Hope Team East con el objetivo de ayudar a las personas enfermas a vivir mejor a trav\u00e9s del deporte.<\/p>\n<p style=\"text-align: center;\"><span><\/span><\/p>\n<p style=\"text-align: center;\"><span><\/span><\/p>\n<\/div>\n<\/div>\n<\/div>\n<\/div>\n<\/div>\n<\/div>\n<\/div>\n<\/div>\n<\/div>\n<\/div>\n<\/div>\n<\/div>\n<p>[\/et_pb_text][et_pb_text _builder_version=\u00bb4.17.4&#8243; _module_preset=\u00bbdefault\u00bb header_3_font=\u00bb||||||||\u00bb header_3_text_color=\u00bb#2E4A55&#8243; header_3_font_size=\u00bb24px\u00bb hover_enabled=\u00bb0&#8243; global_colors_info=\u00bb{}\u00bb sticky_enabled=\u00bb0&#8243;]<\/p>\n<div class=\"page\" title=\"P\u00e1gina 5\">\n<div class=\"section\">\n<div class=\"page\" title=\"P\u00e1gina 5\">\n<div class=\"section\">\n<div class=\"layoutArea\">\n<div class=\"column\">\n<blockquote>\n<h3 style=\"text-align: left;\"><span>\u00ab<\/span>\u00a1No hay nada m\u00e1s estimulante que desafiarse a s\u00ed mismo, explorar nuevos territorios, superar tus l\u00edmites y traer a todos aquellos que quieran creer en sus sue\u00f1os junto a nosotros en esta fant\u00e1stica aventura<span>!<\/span><\/h3>\n<\/blockquote>\n<\/div>\n<\/div>\n<\/div>\n<\/div>\n<\/div>\n<\/div>\n<p>[\/et_pb_text][et_pb_text _builder_version=\u00bb4.17.4&#8243; _module_preset=\u00bbdefault\u00bb text_font=\u00bb|700|||||||\u00bb text_text_color=\u00bb#FFFFFF\u00bb text_font_size=\u00bb16px\u00bb hover_enabled=\u00bb0&#8243; global_colors_info=\u00bb{}\u00bb sticky_enabled=\u00bb0&#8243;]<\/p>\n<div class=\"page\" title=\"P\u00e1gina 5\">\n<div class=\"section\">\n<div class=\"layoutArea\">\n<div class=\"column\">\n<p>Desafiarse a uno mismo da sentido y motivaci\u00f3n  <span style=\"font-size: 16px;\">a los que luchan contra la enfermedad. St\u00e9phanie se ha esforzado al m\u00e1ximo en cada traves\u00eda como si fuera la \u00faltima. Se ha enfrentado a las dificultades para demostrar que nada es imposible.<\/span><\/p>\n<p>Su resistencia le ha permitido llegar hasta el final en sus expediciones a pesar de su estado de salud, porque para ella, abandonar era inconcebible.<\/p>\n<p>Al crear la asociaci\u00f3n Hope Team East, ha permitido a muchas personas que viven con la enfermedad aferrarse a un reto deportivo para prepararse mental y f\u00edsicamente. Estas personas de todas las edades, a la vez que se centran en el objetivo de su reto, redescubren su cuerpo a trav\u00e9s de esta preparaci\u00f3n, ya sea f\u00edsica o mental. Para algunos, estos retos han suscitado el compromiso y el apoyo de sus familias, amigos o compa\u00f1eros de trabajo a lo largo de su preparaci\u00f3n.<\/p>\n<\/div>\n<\/div>\n<\/div>\n<\/div>\n<p>[\/et_pb_text][\/et_pb_column][\/et_pb_row][\/et_pb_section]<\/p>\n","protected":false},"excerpt":{"rendered":"<p>La Asociaci\u00f3n Hope Team East el proyectoM\u00e1s de 140 personas con enfermedades siguieron el camino y se lograron muchos retos deportivos en 4 a\u00f1os, adem\u00e1s de sensibilizar a m\u00e1s de 5000 personas. La asociaci\u00f3n creada en 2015 ,reconocida como de inter\u00e9s general y presidida por St\u00e9phanie Geyer Barneix junto con Alexandra Armand Le Mou\u00ebl acompa\u00f1an [&hellip;]<\/p>\n","protected":false},"author":1,"featured_media":0,"parent":0,"menu_order":0,"comment_status":"closed","ping_status":"closed","template":"","meta":{"_et_pb_use_builder":"on","_et_pb_old_content":"","_et_gb_content_width":"","_monsterinsights_skip_tracking":false,"_monsterinsights_sitenote_active":false,"_monsterinsights_sitenote_note":"","_monsterinsights_sitenote_category":0,"footnotes":""},"class_list":["post-246816","page","type-page","status-publish","hentry"],"yoast_head":"<!-- This site is optimized with the Yoast SEO plugin v27.4 - https:\/\/yoast.com\/product\/yoast-seo-wordpress\/ -->\n<title>Equipo Esperanza Este - CAP OPTIMIST<\/title>\n<meta name=\"robots\" content=\"index, follow, max-snippet:-1, max-image-preview:large, max-video-preview:-1\" \/>\n<link rel=\"canonical\" href=\"https:\/\/www.capoptimist.com\/es\/equipo-esperanza-este\/\" \/>\n<meta property=\"og:locale\" content=\"es_ES\" \/>\n<meta property=\"og:type\" content=\"article\" \/>\n<meta property=\"og:title\" content=\"Equipo Esperanza Este - CAP OPTIMIST\" \/>\n<meta property=\"og:description\" content=\"La Asociaci\u00f3n Hope Team East el proyectoM\u00e1s de 140 personas con enfermedades siguieron el camino y se lograron muchos retos deportivos en 4 a\u00f1os, adem\u00e1s de sensibilizar a m\u00e1s de 5000 personas. La asociaci\u00f3n creada en 2015 ,reconocida como de inter\u00e9s general y presidida por St\u00e9phanie Geyer Barneix junto con Alexandra Armand Le Mou\u00ebl acompa\u00f1an [&hellip;]\" \/>\n<meta property=\"og:url\" content=\"https:\/\/www.capoptimist.com\/es\/equipo-esperanza-este\/\" \/>\n<meta property=\"og:site_name\" content=\"CAP OPTIMIST\" \/>\n<meta property=\"article:modified_time\" content=\"2022-12-01T11:57:13+00:00\" \/>\n<meta name=\"twitter:card\" content=\"summary_large_image\" \/>\n<meta name=\"twitter:label1\" content=\"Tiempo de lectura\" \/>\n\t<meta name=\"twitter:data1\" content=\"8 minutos\" \/>\n<script type=\"application\/ld+json\" class=\"yoast-schema-graph\">{\"@context\":\"https:\\\/\\\/schema.org\",\"@graph\":[{\"@type\":\"WebPage\",\"@id\":\"https:\\\/\\\/www.capoptimist.com\\\/es\\\/equipo-esperanza-este\\\/\",\"url\":\"https:\\\/\\\/www.capoptimist.com\\\/es\\\/equipo-esperanza-este\\\/\",\"name\":\"Equipo Esperanza Este - CAP OPTIMIST\",\"isPartOf\":{\"@id\":\"https:\\\/\\\/www.capoptimist.com\\\/es\\\/#website\"},\"datePublished\":\"2022-05-27T12:42:36+00:00\",\"dateModified\":\"2022-12-01T11:57:13+00:00\",\"breadcrumb\":{\"@id\":\"https:\\\/\\\/www.capoptimist.com\\\/es\\\/equipo-esperanza-este\\\/#breadcrumb\"},\"inLanguage\":\"es\",\"potentialAction\":[{\"@type\":\"ReadAction\",\"target\":[\"https:\\\/\\\/www.capoptimist.com\\\/es\\\/equipo-esperanza-este\\\/\"]}]},{\"@type\":\"BreadcrumbList\",\"@id\":\"https:\\\/\\\/www.capoptimist.com\\\/es\\\/equipo-esperanza-este\\\/#breadcrumb\",\"itemListElement\":[{\"@type\":\"ListItem\",\"position\":1,\"name\":\"Accueil\",\"item\":\"https:\\\/\\\/www.capoptimist.com\\\/es\\\/\"},{\"@type\":\"ListItem\",\"position\":2,\"name\":\"Equipo Esperanza Este\"}]},{\"@type\":\"WebSite\",\"@id\":\"https:\\\/\\\/www.capoptimist.com\\\/es\\\/#website\",\"url\":\"https:\\\/\\\/www.capoptimist.com\\\/es\\\/\",\"name\":\"CAP OPTIMIST\",\"description\":\"Vivre son d\u00e9fi\",\"potentialAction\":[{\"@type\":\"SearchAction\",\"target\":{\"@type\":\"EntryPoint\",\"urlTemplate\":\"https:\\\/\\\/www.capoptimist.com\\\/es\\\/?s={search_term_string}\"},\"query-input\":{\"@type\":\"PropertyValueSpecification\",\"valueRequired\":true,\"valueName\":\"search_term_string\"}}],\"inLanguage\":\"es\"}]}<\/script>\n<!-- \/ Yoast SEO plugin. -->","yoast_head_json":{"title":"Equipo Esperanza Este - CAP OPTIMIST","robots":{"index":"index","follow":"follow","max-snippet":"max-snippet:-1","max-image-preview":"max-image-preview:large","max-video-preview":"max-video-preview:-1"},"canonical":"https:\/\/www.capoptimist.com\/es\/equipo-esperanza-este\/","og_locale":"es_ES","og_type":"article","og_title":"Equipo Esperanza Este - CAP OPTIMIST","og_description":"La Asociaci\u00f3n Hope Team East el proyectoM\u00e1s de 140 personas con enfermedades siguieron el camino y se lograron muchos retos deportivos en 4 a\u00f1os, adem\u00e1s de sensibilizar a m\u00e1s de 5000 personas. La asociaci\u00f3n creada en 2015 ,reconocida como de inter\u00e9s general y presidida por St\u00e9phanie Geyer Barneix junto con Alexandra Armand Le Mou\u00ebl acompa\u00f1an [&hellip;]","og_url":"https:\/\/www.capoptimist.com\/es\/equipo-esperanza-este\/","og_site_name":"CAP OPTIMIST","article_modified_time":"2022-12-01T11:57:13+00:00","twitter_card":"summary_large_image","twitter_misc":{"Tiempo de lectura":"8 minutos"},"schema":{"@context":"https:\/\/schema.org","@graph":[{"@type":"WebPage","@id":"https:\/\/www.capoptimist.com\/es\/equipo-esperanza-este\/","url":"https:\/\/www.capoptimist.com\/es\/equipo-esperanza-este\/","name":"Equipo Esperanza Este - CAP OPTIMIST","isPartOf":{"@id":"https:\/\/www.capoptimist.com\/es\/#website"},"datePublished":"2022-05-27T12:42:36+00:00","dateModified":"2022-12-01T11:57:13+00:00","breadcrumb":{"@id":"https:\/\/www.capoptimist.com\/es\/equipo-esperanza-este\/#breadcrumb"},"inLanguage":"es","potentialAction":[{"@type":"ReadAction","target":["https:\/\/www.capoptimist.com\/es\/equipo-esperanza-este\/"]}]},{"@type":"BreadcrumbList","@id":"https:\/\/www.capoptimist.com\/es\/equipo-esperanza-este\/#breadcrumb","itemListElement":[{"@type":"ListItem","position":1,"name":"Accueil","item":"https:\/\/www.capoptimist.com\/es\/"},{"@type":"ListItem","position":2,"name":"Equipo Esperanza Este"}]},{"@type":"WebSite","@id":"https:\/\/www.capoptimist.com\/es\/#website","url":"https:\/\/www.capoptimist.com\/es\/","name":"CAP OPTIMIST","description":"Vivre son d\u00e9fi","potentialAction":[{"@type":"SearchAction","target":{"@type":"EntryPoint","urlTemplate":"https:\/\/www.capoptimist.com\/es\/?s={search_term_string}"},"query-input":{"@type":"PropertyValueSpecification","valueRequired":true,"valueName":"search_term_string"}}],"inLanguage":"es"}]}},"_links":{"self":[{"href":"https:\/\/www.capoptimist.com\/es\/wp-json\/wp\/v2\/pages\/246816","targetHints":{"allow":["GET"]}}],"collection":[{"href":"https:\/\/www.capoptimist.com\/es\/wp-json\/wp\/v2\/pages"}],"about":[{"href":"https:\/\/www.capoptimist.com\/es\/wp-json\/wp\/v2\/types\/page"}],"author":[{"embeddable":true,"href":"https:\/\/www.capoptimist.com\/es\/wp-json\/wp\/v2\/users\/1"}],"replies":[{"embeddable":true,"href":"https:\/\/www.capoptimist.com\/es\/wp-json\/wp\/v2\/comments?post=246816"}],"version-history":[{"count":0,"href":"https:\/\/www.capoptimist.com\/es\/wp-json\/wp\/v2\/pages\/246816\/revisions"}],"wp:attachment":[{"href":"https:\/\/www.capoptimist.com\/es\/wp-json\/wp\/v2\/media?parent=246816"}],"curies":[{"name":"wp","href":"https:\/\/api.w.org\/{rel}","templated":true}]}}